{"id":75,"date":"2020-08-07T14:44:54","date_gmt":"2020-08-07T12:44:54","guid":{"rendered":"http:\/\/www.elecyt.org\/blog\/?page_id=75"},"modified":"2020-10-24T19:51:14","modified_gmt":"2020-10-24T17:51:14","slug":"le-nouveau-e-mucem-ouvre-ses-portes-2","status":"publish","type":"page","link":"https:\/\/www.elecyt.org\/blog\/","title":{"rendered":"Bienvenue sur Fa\u00e7ons de Parler!"},"content":{"rendered":"\r\n<div class=\"wp-block-group\">\r\n<div class=\"wp-block-group__inner-container\">\r\n\r\n<\/div>\r\n<\/div>\r\n<\/div>\r\n<div class=\"wp-block-column\">\r\n<div class=\"wp-block-group\">\r\n<div class=\"wp-block-group__inner-container\">\u00a0<\/div>\r\n<\/div>\r\n<\/div>\r\n<\/div>\r\n\r\n\r\n\r\n<div class=\"wp-block-group alignwide\">\r\n<div class=\"wp-block-group__inner-container is-layout-flow wp-block-group-is-layout-flow\"><\/div>\r\n<\/div>\r\n\r\n\r\n<!-- \/wp:group -->\r\n<div class=\"wp-block-columns alignwide\"><!-- wp:column -->\r\n<div class=\"wp-block-column\"><!-- wp:group -->\r\n<div class=\"wp-block-group\">\r\n<div class=\"wp-block-group__inner-container\"><!-- wp:image {\"align\":\"full\",\"id\":37,\"sizeSlug\":\"full\"} -->\r\n<figure class=\"wp-block-image alignfull size-full\"><\/figure>\r\n<!-- \/wp:image -->\r\n\r\n<!-- wp:heading {\"level\":3} --><\/div>\r\n<\/div>\r\n<\/div>\r\n<div class=\"wp-block-column\">\r\n<div class=\"wp-block-group\">\r\n<div class=\"wp-block-group__inner-container\">\u00a0<\/div>\r\n<\/div>\r\n<\/div>\r\n<\/div>\r\n<!-- \/wp:image -->\r\n\r\n<!-- wp:group {\"align\":\"wide\"} -->\r\n<div class=\"wp-block-group alignwide\">\r\n<div class=\"wp-block-group__inner-container\"><!-- wp:heading {\"align\":\"center\",\"textColor\":\"accent\"} --><\/div>\r\n<\/div>\r\n<!-- \/wp:group -->\r\n\r\n<!-- wp:gallery {\"ids\":[39,38],\"align\":\"wide\"} --><!-- \/wp:gallery --><!-- \/wp:post-content --><!-- \/wp:column -->\r\n\r\n<!-- wp:columns {\"align\":\"wide\"} -->\r\n<div class=\"wp-block-columns alignwide\"><!-- wp:column -->\r\n<div class=\"wp-block-column\"><!-- wp:group -->\r\n<div class=\"wp-block-group\">\r\n<div class=\"wp-block-group__inner-container\"><!-- wp:image {\"align\":\"full\",\"id\":37,\"sizeSlug\":\"full\"} -->\r\n<figure class=\"wp-block-image alignfull size-full\"><\/figure>\r\n<!-- \/wp:image -->\r\n\r\n<!-- wp:heading {\"level\":3} --><\/div>\r\n<\/div>\r\n<\/div>\r\n<div class=\"wp-block-column\">\r\n<div class=\"wp-block-group\">\r\n<div class=\"wp-block-group__inner-container\">\u00a0<\/div>\r\n<\/div>\r\n<\/div>\r\n<\/div>\r\n<!-- \/wp:image -->\r\n\r\n<!-- wp:group {\"align\":\"wide\"} -->\r\n<div class=\"wp-block-group alignwide\">\r\n<div class=\"wp-block-group__inner-container\"><!-- wp:heading {\"align\":\"center\",\"textColor\":\"accent\"} --><\/div>\r\n<\/div>\r\n<!-- \/wp:group -->\r\n\r\n<!-- wp:gallery {\"ids\":[39,38],\"align\":\"wide\"} --><!-- \/wp:gallery --><!-- \/wp:post-content --><!-- \/wp:columns --><!-- wp:post-content --><!-- wp:group {\"align\":\"wide\"} -->\r\n<div class=\"wp-block-group alignwide\">\r\n<div class=\"wp-block-group__inner-container\"><!-- wp:heading {\"align\":\"center\"} -->\r\n<h2 class=\"has-text-align-center\">Parler en public: la comp\u00e9tence dont vous avez besoin!<\/h2>\r\n<\/div>\r\n<div class=\"wp-block-group__inner-container\"><img loading=\"lazy\" decoding=\"async\" class=\"size-medium wp-image-157 aligncenter\" src=\"https:\/\/www.elecyt.org\/blog\/wp-content\/uploads\/2020\/10\/loudspeaker-1459128_1280-400x388.png\" alt=\"\" width=\"400\" height=\"388\" srcset=\"https:\/\/www.elecyt.org\/blog\/wp-content\/uploads\/2020\/10\/loudspeaker-1459128_1280-400x388.png 400w, https:\/\/www.elecyt.org\/blog\/wp-content\/uploads\/2020\/10\/loudspeaker-1459128_1280-1024x992.png 1024w, https:\/\/www.elecyt.org\/blog\/wp-content\/uploads\/2020\/10\/loudspeaker-1459128_1280-768x744.png 768w, https:\/\/www.elecyt.org\/blog\/wp-content\/uploads\/2020\/10\/loudspeaker-1459128_1280-1200x1163.png 1200w, https:\/\/www.elecyt.org\/blog\/wp-content\/uploads\/2020\/10\/loudspeaker-1459128_1280.png 1280w\" sizes=\"auto, (max-width: 400px) 100vw, 400px\" \/>Parmi les comp\u00e9tences recherch\u00e9es par les entreprises pour leurs futurs dirigeant, la capacit\u00e9 de bien s&rsquo;exprimer en public figure r\u00e9guli\u00e8rement au sommet. Si vous pouvez communiquer une id\u00e9e d\u2019une mani\u00e8re claire, convaincante et m\u00e9morable, vous aurez un impact. Vous aurez plus d\u2019opportunit\u00e9s, sur le plan personnel et professionnel, et vous serez tr\u00e8s recherch\u00e9.<\/div>\r\n<div class=\"wp-block-group__inner-container\"><br \/>Si vous vous dites : \u00ab\u00a0Oui, je sais que parler en public est important, mais je n\u2019ai jamais \u00e9t\u00e9 un bon orateur\u00a0\u00bb, m\u00e9ditez ce que disait Cic\u00e9ron, il y a plus de 2000 ans: \u00ab\u00a0On na\u00eet po\u00e8te, on devient orateur\u00a0\u00bb. Si vous voulez am\u00e9liorer vos comp\u00e9tences en mati\u00e8re de parole et de pr\u00e9sentation en public ou celles de votre \u00e9quipe, ce blog est fait pour vous!<!-- \/wp:heading --><\/div>\r\n<\/div>\r\n<!-- \/wp:group -->\r\n\r\n<!-- wp:columns {\"align\":\"wide\"} -->\r\n<div class=\"wp-block-columns alignwide\"><!-- wp:column -->\r\n<div class=\"wp-block-column\"><!-- wp:group -->\r\n<div class=\"wp-block-group\">\r\n<div class=\"wp-block-group__inner-container\"><!-- wp:image {\"align\":\"full\",\"id\":37,\"sizeSlug\":\"full\"} -->\r\n<figure class=\"wp-block-image alignfull size-full\"><\/figure>\r\n<!-- \/wp:image -->\r\n\r\n<!-- wp:heading {\"level\":3} --><\/div>\r\n<\/div>\r\n<\/div>\r\n<div class=\"wp-block-column\">\r\n<div class=\"wp-block-group\">\r\n<div class=\"wp-block-group__inner-container\">\u00a0<\/div>\r\n<\/div>\r\n<\/div>\r\n<\/div>\r\n<!-- \/wp:image -->\r\n\r\n<!-- wp:group {\"align\":\"wide\"} -->\r\n<div class=\"wp-block-group alignwide\">\r\n<div class=\"wp-block-group__inner-container\"><!-- wp:heading {\"align\":\"center\",\"textColor\":\"accent\"} --><\/div>\r\n<\/div>\r\n<!-- \/wp:group -->\r\n\r\n<!-- wp:gallery {\"ids\":[39,38],\"align\":\"wide\"} --><!-- \/wp:gallery --><!-- \/wp:post-content -->","protected":false},"excerpt":{"rendered":"<p>\u00a0 \u00a0 \u00a0 Parler en public: la comp\u00e9tence dont vous avez besoin! Parmi les comp\u00e9tences recherch\u00e9es par les entreprises pour leurs futurs dirigeant, la capacit\u00e9 de bien s&rsquo;exprimer en public figure r\u00e9guli\u00e8rement au sommet. Si vous pouvez communiquer une id\u00e9e d\u2019une mani\u00e8re claire, convaincante et m\u00e9morable, vous aurez un impact. Vous aurez plus d\u2019opportunit\u00e9s, sur [&hellip;]<\/p>\n","protected":false},"author":1,"featured_media":0,"parent":0,"menu_order":0,"comment_status":"closed","ping_status":"closed","template":"","meta":{"_monsterinsights_skip_tracking":false,"_monsterinsights_sitenote_active":false,"_monsterinsights_sitenote_note":"","_monsterinsights_sitenote_category":0,"footnotes":""},"class_list":["post-75","page","type-page","status-publish","hentry"],"yoast_head":"<!-- This site is optimized with the Yoast SEO plugin v27.4 - https:\/\/yoast.com\/product\/yoast-seo-wordpress\/ -->\n<title>Bienvenue sur Fa\u00e7ons de Parler! - Fa\u00e7ons de parler<\/title>\n<meta name=\"robots\" content=\"index, follow, max-snippet:-1, max-image-preview:large, max-video-preview:-1\" \/>\n<link rel=\"canonical\" href=\"https:\/\/www.elecyt.org\/blog\/\" \/>\n<meta property=\"og:locale\" content=\"fr_FR\" \/>\n<meta property=\"og:type\" content=\"article\" \/>\n<meta property=\"og:title\" content=\"Bienvenue sur Fa\u00e7ons de Parler! - Fa\u00e7ons de parler\" \/>\n<meta property=\"og:description\" content=\"\u00a0 \u00a0 \u00a0 Parler en public: la comp\u00e9tence dont vous avez besoin! Parmi les comp\u00e9tences recherch\u00e9es par les entreprises pour leurs futurs dirigeant, la capacit\u00e9 de bien s&rsquo;exprimer en public figure r\u00e9guli\u00e8rement au sommet. Si vous pouvez communiquer une id\u00e9e d\u2019une mani\u00e8re claire, convaincante et m\u00e9morable, vous aurez un impact. Vous aurez plus d\u2019opportunit\u00e9s, sur [&hellip;]\" \/>\n<meta property=\"og:url\" content=\"https:\/\/www.elecyt.org\/blog\/\" \/>\n<meta property=\"og:site_name\" content=\"Fa\u00e7ons de parler\" \/>\n<meta property=\"article:modified_time\" content=\"2020-10-24T17:51:14+00:00\" \/>\n<meta property=\"og:image\" content=\"https:\/\/www.elecyt.org\/blog\/wp-content\/uploads\/2020\/10\/loudspeaker-1459128_1280-400x388.png\" \/>\n<meta name=\"twitter:card\" content=\"summary_large_image\" \/>\n<meta name=\"twitter:label1\" content=\"Dur\u00e9e de lecture estim\u00e9e\" \/>\n\t<meta name=\"twitter:data1\" content=\"1 minute\" \/>\n<script type=\"application\/ld+json\" class=\"yoast-schema-graph\">{\"@context\":\"https:\\\/\\\/schema.org\",\"@graph\":[{\"@type\":\"WebPage\",\"@id\":\"https:\\\/\\\/www.elecyt.org\\\/blog\\\/\",\"url\":\"https:\\\/\\\/www.elecyt.org\\\/blog\\\/\",\"name\":\"Bienvenue sur Fa\u00e7ons de Parler! - Fa\u00e7ons de parler\",\"isPartOf\":{\"@id\":\"https:\\\/\\\/www.elecyt.org\\\/blog\\\/#website\"},\"primaryImageOfPage\":{\"@id\":\"https:\\\/\\\/www.elecyt.org\\\/blog\\\/#primaryimage\"},\"image\":{\"@id\":\"https:\\\/\\\/www.elecyt.org\\\/blog\\\/#primaryimage\"},\"thumbnailUrl\":\"https:\\\/\\\/www.elecyt.org\\\/blog\\\/wp-content\\\/uploads\\\/2020\\\/10\\\/loudspeaker-1459128_1280-400x388.png\",\"datePublished\":\"2020-08-07T12:44:54+00:00\",\"dateModified\":\"2020-10-24T17:51:14+00:00\",\"breadcrumb\":{\"@id\":\"https:\\\/\\\/www.elecyt.org\\\/blog\\\/#breadcrumb\"},\"inLanguage\":\"fr-FR\",\"potentialAction\":[{\"@type\":\"ReadAction\",\"target\":[\"https:\\\/\\\/www.elecyt.org\\\/blog\\\/\"]}]},{\"@type\":\"ImageObject\",\"inLanguage\":\"fr-FR\",\"@id\":\"https:\\\/\\\/www.elecyt.org\\\/blog\\\/#primaryimage\",\"url\":\"https:\\\/\\\/www.elecyt.org\\\/blog\\\/wp-content\\\/uploads\\\/2020\\\/10\\\/loudspeaker-1459128_1280.png\",\"contentUrl\":\"https:\\\/\\\/www.elecyt.org\\\/blog\\\/wp-content\\\/uploads\\\/2020\\\/10\\\/loudspeaker-1459128_1280.png\",\"width\":1280,\"height\":1240},{\"@type\":\"BreadcrumbList\",\"@id\":\"https:\\\/\\\/www.elecyt.org\\\/blog\\\/#breadcrumb\",\"itemListElement\":[{\"@type\":\"ListItem\",\"position\":1,\"name\":\"Accueil\",\"item\":\"https:\\\/\\\/www.elecyt.org\\\/blog\\\/\"},{\"@type\":\"ListItem\",\"position\":2,\"name\":\"Bienvenue sur Fa\u00e7ons de Parler!\"}]},{\"@type\":\"WebSite\",\"@id\":\"https:\\\/\\\/www.elecyt.org\\\/blog\\\/#website\",\"url\":\"https:\\\/\\\/www.elecyt.org\\\/blog\\\/\",\"name\":\"Fa\u00e7ons de parler\",\"description\":\"La communication par la pratique\",\"publisher\":{\"@id\":\"https:\\\/\\\/www.elecyt.org\\\/blog\\\/#organization\"},\"potentialAction\":[{\"@type\":\"SearchAction\",\"target\":{\"@type\":\"EntryPoint\",\"urlTemplate\":\"https:\\\/\\\/www.elecyt.org\\\/blog\\\/?s={search_term_string}\"},\"query-input\":{\"@type\":\"PropertyValueSpecification\",\"valueRequired\":true,\"valueName\":\"search_term_string\"}}],\"inLanguage\":\"fr-FR\"},{\"@type\":\"Organization\",\"@id\":\"https:\\\/\\\/www.elecyt.org\\\/blog\\\/#organization\",\"name\":\"Fa\u00e7ons de parler\",\"url\":\"https:\\\/\\\/www.elecyt.org\\\/blog\\\/\",\"logo\":{\"@type\":\"ImageObject\",\"inLanguage\":\"fr-FR\",\"@id\":\"https:\\\/\\\/www.elecyt.org\\\/blog\\\/#\\\/schema\\\/logo\\\/image\\\/\",\"url\":\"https:\\\/\\\/www.elecyt.org\\\/blog\\\/wp-content\\\/uploads\\\/2021\\\/10\\\/cropped-Logo-ELECYT-CMJN.jpg\",\"contentUrl\":\"https:\\\/\\\/www.elecyt.org\\\/blog\\\/wp-content\\\/uploads\\\/2021\\\/10\\\/cropped-Logo-ELECYT-CMJN.jpg\",\"width\":966,\"height\":369,\"caption\":\"Fa\u00e7ons de parler\"},\"image\":{\"@id\":\"https:\\\/\\\/www.elecyt.org\\\/blog\\\/#\\\/schema\\\/logo\\\/image\\\/\"}}]}<\/script>\n<!-- \/ Yoast SEO plugin. -->","yoast_head_json":{"title":"Bienvenue sur Fa\u00e7ons de Parler! - Fa\u00e7ons de parler","robots":{"index":"index","follow":"follow","max-snippet":"max-snippet:-1","max-image-preview":"max-image-preview:large","max-video-preview":"max-video-preview:-1"},"canonical":"https:\/\/www.elecyt.org\/blog\/","og_locale":"fr_FR","og_type":"article","og_title":"Bienvenue sur Fa\u00e7ons de Parler! - Fa\u00e7ons de parler","og_description":"\u00a0 \u00a0 \u00a0 Parler en public: la comp\u00e9tence dont vous avez besoin! Parmi les comp\u00e9tences recherch\u00e9es par les entreprises pour leurs futurs dirigeant, la capacit\u00e9 de bien s&rsquo;exprimer en public figure r\u00e9guli\u00e8rement au sommet. Si vous pouvez communiquer une id\u00e9e d\u2019une mani\u00e8re claire, convaincante et m\u00e9morable, vous aurez un impact. Vous aurez plus d\u2019opportunit\u00e9s, sur [&hellip;]","og_url":"https:\/\/www.elecyt.org\/blog\/","og_site_name":"Fa\u00e7ons de parler","article_modified_time":"2020-10-24T17:51:14+00:00","og_image":[{"url":"https:\/\/www.elecyt.org\/blog\/wp-content\/uploads\/2020\/10\/loudspeaker-1459128_1280-400x388.png","type":"","width":"","height":""}],"twitter_card":"summary_large_image","twitter_misc":{"Dur\u00e9e de lecture estim\u00e9e":"1 minute"},"schema":{"@context":"https:\/\/schema.org","@graph":[{"@type":"WebPage","@id":"https:\/\/www.elecyt.org\/blog\/","url":"https:\/\/www.elecyt.org\/blog\/","name":"Bienvenue sur Fa\u00e7ons de Parler! - Fa\u00e7ons de parler","isPartOf":{"@id":"https:\/\/www.elecyt.org\/blog\/#website"},"primaryImageOfPage":{"@id":"https:\/\/www.elecyt.org\/blog\/#primaryimage"},"image":{"@id":"https:\/\/www.elecyt.org\/blog\/#primaryimage"},"thumbnailUrl":"https:\/\/www.elecyt.org\/blog\/wp-content\/uploads\/2020\/10\/loudspeaker-1459128_1280-400x388.png","datePublished":"2020-08-07T12:44:54+00:00","dateModified":"2020-10-24T17:51:14+00:00","breadcrumb":{"@id":"https:\/\/www.elecyt.org\/blog\/#breadcrumb"},"inLanguage":"fr-FR","potentialAction":[{"@type":"ReadAction","target":["https:\/\/www.elecyt.org\/blog\/"]}]},{"@type":"ImageObject","inLanguage":"fr-FR","@id":"https:\/\/www.elecyt.org\/blog\/#primaryimage","url":"https:\/\/www.elecyt.org\/blog\/wp-content\/uploads\/2020\/10\/loudspeaker-1459128_1280.png","contentUrl":"https:\/\/www.elecyt.org\/blog\/wp-content\/uploads\/2020\/10\/loudspeaker-1459128_1280.png","width":1280,"height":1240},{"@type":"BreadcrumbList","@id":"https:\/\/www.elecyt.org\/blog\/#breadcrumb","itemListElement":[{"@type":"ListItem","position":1,"name":"Accueil","item":"https:\/\/www.elecyt.org\/blog\/"},{"@type":"ListItem","position":2,"name":"Bienvenue sur Fa\u00e7ons de Parler!"}]},{"@type":"WebSite","@id":"https:\/\/www.elecyt.org\/blog\/#website","url":"https:\/\/www.elecyt.org\/blog\/","name":"Fa\u00e7ons de parler","description":"La communication par la pratique","publisher":{"@id":"https:\/\/www.elecyt.org\/blog\/#organization"},"potentialAction":[{"@type":"SearchAction","target":{"@type":"EntryPoint","urlTemplate":"https:\/\/www.elecyt.org\/blog\/?s={search_term_string}"},"query-input":{"@type":"PropertyValueSpecification","valueRequired":true,"valueName":"search_term_string"}}],"inLanguage":"fr-FR"},{"@type":"Organization","@id":"https:\/\/www.elecyt.org\/blog\/#organization","name":"Fa\u00e7ons de parler","url":"https:\/\/www.elecyt.org\/blog\/","logo":{"@type":"ImageObject","inLanguage":"fr-FR","@id":"https:\/\/www.elecyt.org\/blog\/#\/schema\/logo\/image\/","url":"https:\/\/www.elecyt.org\/blog\/wp-content\/uploads\/2021\/10\/cropped-Logo-ELECYT-CMJN.jpg","contentUrl":"https:\/\/www.elecyt.org\/blog\/wp-content\/uploads\/2021\/10\/cropped-Logo-ELECYT-CMJN.jpg","width":966,"height":369,"caption":"Fa\u00e7ons de parler"},"image":{"@id":"https:\/\/www.elecyt.org\/blog\/#\/schema\/logo\/image\/"}}]}},"_links":{"self":[{"href":"https:\/\/www.elecyt.org\/blog\/wp-json\/wp\/v2\/pages\/75","targetHints":{"allow":["GET"]}}],"collection":[{"href":"https:\/\/www.elecyt.org\/blog\/wp-json\/wp\/v2\/pages"}],"about":[{"href":"https:\/\/www.elecyt.org\/blog\/wp-json\/wp\/v2\/types\/page"}],"author":[{"embeddable":true,"href":"https:\/\/www.elecyt.org\/blog\/wp-json\/wp\/v2\/users\/1"}],"replies":[{"embeddable":true,"href":"https:\/\/www.elecyt.org\/blog\/wp-json\/wp\/v2\/comments?post=75"}],"version-history":[{"count":5,"href":"https:\/\/www.elecyt.org\/blog\/wp-json\/wp\/v2\/pages\/75\/revisions"}],"predecessor-version":[{"id":158,"href":"https:\/\/www.elecyt.org\/blog\/wp-json\/wp\/v2\/pages\/75\/revisions\/158"}],"wp:attachment":[{"href":"https:\/\/www.elecyt.org\/blog\/wp-json\/wp\/v2\/media?parent=75"}],"curies":[{"name":"wp","href":"https:\/\/api.w.org\/{rel}","templated":true}]}}